{"id":1945,"date":"2021-02-03T18:12:14","date_gmt":"2021-02-03T19:12:14","guid":{"rendered":"https:\/\/www.cambridgeschool.pt\/landing-page\/"},"modified":"2026-04-23T09:55:52","modified_gmt":"2026-04-23T08:55:52","slug":"landing-page","status":"publish","type":"page","link":"https:\/\/www.cambridgeschool.pt\/en\/","title":{"rendered":"Landing Page"},"content":{"rendered":"","protected":false},"excerpt":{"rendered":"","protected":false},"author":5,"featured_media":6115,"parent":0,"menu_order":0,"comment_status":"closed","ping_status":"closed","template":"","meta":{"footnotes":""},"class_list":["post-1945","page","type-page","status-publish","has-post-thumbnail","hentry"],"acf":[],"yoast_head":"<!-- This site is optimized with the Yoast SEO plugin v27.6 - https:\/\/yoast.com\/product\/yoast-seo-wordpress\/ -->\n<title>Intensive and Annual Courses - English, French, German and Portuguese<\/title>\n<meta name=\"description\" content=\"Get this opportunity to learn or improve your English, German, French or Portuguese for Foreigners. Subscribe now!\" \/>\n<meta name=\"robots\" content=\"index, follow, max-snippet:-1, max-image-preview:large, max-video-preview:-1\" \/>\n<link rel=\"canonical\" href=\"https:\/\/www.cambridgeschool.pt\/en\/\" \/>\n<meta property=\"og:locale\" content=\"en_US\" \/>\n<meta property=\"og:type\" content=\"article\" \/>\n<meta property=\"og:title\" content=\"Intensive and Annual Courses - English, French, German and Portuguese\" \/>\n<meta property=\"og:description\" content=\"Get this opportunity to learn or improve your English, German, French or Portuguese for Foreigners. Subscribe now!\" \/>\n<meta property=\"og:url\" content=\"https:\/\/www.cambridgeschool.pt\/en\/\" \/>\n<meta property=\"og:site_name\" content=\"Cambridge School\" \/>\n<meta property=\"article:publisher\" content=\"https:\/\/www.facebook.com\/CambridgeSchoolPortugal\" \/>\n<meta property=\"article:modified_time\" content=\"2026-04-23T08:55:52+00:00\" \/>\n<meta property=\"og:image\" content=\"https:\/\/www.cambridgeschool.pt\/wp-content\/uploads\/2021\/05\/landing-page-min.png\" \/>\n\t<meta property=\"og:image:width\" content=\"950\" \/>\n\t<meta property=\"og:image:height\" content=\"682\" \/>\n\t<meta property=\"og:image:type\" content=\"image\/png\" \/>\n<meta name=\"twitter:card\" content=\"summary_large_image\" \/>\n<meta name=\"twitter:label1\" content=\"Est. reading time\" \/>\n\t<meta name=\"twitter:data1\" content=\"1 minute\" \/>\n<script type=\"application\/ld+json\" class=\"yoast-schema-graph\">{\"@context\":\"https:\\\/\\\/schema.org\",\"@graph\":[{\"@type\":\"WebPage\",\"@id\":\"https:\\\/\\\/www.cambridgeschool.pt\\\/en\\\/\",\"url\":\"https:\\\/\\\/www.cambridgeschool.pt\\\/en\\\/\",\"name\":\"Intensive and Annual Courses - English, French, German and Portuguese\",\"isPartOf\":{\"@id\":\"https:\\\/\\\/www.cambridgeschool.pt\\\/#website\"},\"primaryImageOfPage\":{\"@id\":\"https:\\\/\\\/www.cambridgeschool.pt\\\/en\\\/#primaryimage\"},\"image\":{\"@id\":\"https:\\\/\\\/www.cambridgeschool.pt\\\/en\\\/#primaryimage\"},\"thumbnailUrl\":\"https:\\\/\\\/www.cambridgeschool.pt\\\/wp-content\\\/uploads\\\/2021\\\/05\\\/landing-page-min.png\",\"datePublished\":\"2021-02-03T19:12:14+00:00\",\"dateModified\":\"2026-04-23T08:55:52+00:00\",\"description\":\"Get this opportunity to learn or improve your English, German, French or Portuguese for Foreigners. Subscribe now!\",\"breadcrumb\":{\"@id\":\"https:\\\/\\\/www.cambridgeschool.pt\\\/en\\\/#breadcrumb\"},\"inLanguage\":\"en-US\",\"potentialAction\":[{\"@type\":\"ReadAction\",\"target\":[\"https:\\\/\\\/www.cambridgeschool.pt\\\/en\\\/\"]}]},{\"@type\":\"ImageObject\",\"inLanguage\":\"en-US\",\"@id\":\"https:\\\/\\\/www.cambridgeschool.pt\\\/en\\\/#primaryimage\",\"url\":\"https:\\\/\\\/www.cambridgeschool.pt\\\/wp-content\\\/uploads\\\/2021\\\/05\\\/landing-page-min.png\",\"contentUrl\":\"https:\\\/\\\/www.cambridgeschool.pt\\\/wp-content\\\/uploads\\\/2021\\\/05\\\/landing-page-min.png\",\"width\":950,\"height\":682},{\"@type\":\"BreadcrumbList\",\"@id\":\"https:\\\/\\\/www.cambridgeschool.pt\\\/en\\\/#breadcrumb\",\"itemListElement\":[{\"@type\":\"ListItem\",\"position\":1,\"name\":\"In\u00edcio\",\"item\":\"https:\\\/\\\/www.cambridgeschool.pt\\\/en\\\/\"},{\"@type\":\"ListItem\",\"position\":2,\"name\":\"Landing Page\"}]},{\"@type\":\"WebSite\",\"@id\":\"https:\\\/\\\/www.cambridgeschool.pt\\\/#website\",\"url\":\"https:\\\/\\\/www.cambridgeschool.pt\\\/\",\"name\":\"Cambridge School\",\"description\":\"Est\u00e3o abertas as inscri\u00e7\u00f5es para os Cursos Intensivos de Ver\u00e3o 2021 e Cursos de Ano Letivo 2021\\\/2022\",\"publisher\":{\"@id\":\"https:\\\/\\\/www.cambridgeschool.pt\\\/#organization\"},\"potentialAction\":[{\"@type\":\"SearchAction\",\"target\":{\"@type\":\"EntryPoint\",\"urlTemplate\":\"https:\\\/\\\/www.cambridgeschool.pt\\\/?s={search_term_string}\"},\"query-input\":{\"@type\":\"PropertyValueSpecification\",\"valueRequired\":true,\"valueName\":\"search_term_string\"}}],\"inLanguage\":\"en-US\"},{\"@type\":\"Organization\",\"@id\":\"https:\\\/\\\/www.cambridgeschool.pt\\\/#organization\",\"name\":\"Cambridge School Portugal\",\"url\":\"https:\\\/\\\/www.cambridgeschool.pt\\\/\",\"logo\":{\"@type\":\"ImageObject\",\"inLanguage\":\"en-US\",\"@id\":\"https:\\\/\\\/www.cambridgeschool.pt\\\/#\\\/schema\\\/logo\\\/image\\\/\",\"url\":\"https:\\\/\\\/www.cambridgeschool.pt\\\/wp-content\\\/uploads\\\/2020\\\/12\\\/Cambridge-logo.png\",\"contentUrl\":\"https:\\\/\\\/www.cambridgeschool.pt\\\/wp-content\\\/uploads\\\/2020\\\/12\\\/Cambridge-logo.png\",\"width\":248,\"height\":66,\"caption\":\"Cambridge School Portugal\"},\"image\":{\"@id\":\"https:\\\/\\\/www.cambridgeschool.pt\\\/#\\\/schema\\\/logo\\\/image\\\/\"},\"sameAs\":[\"https:\\\/\\\/www.facebook.com\\\/CambridgeSchoolPortugal\",\"https:\\\/\\\/www.instagram.com\\\/cambridge.school.portugal\\\/\",\"https:\\\/\\\/pt.linkedin.com\\\/company\\\/cambridge-school-portugal\"]}]}<\/script>\n<!-- \/ Yoast SEO plugin. -->","yoast_head_json":{"title":"Intensive and Annual Courses - English, French, German and Portuguese","description":"Get this opportunity to learn or improve your English, German, French or Portuguese for Foreigners. Subscribe now!","robots":{"index":"index","follow":"follow","max-snippet":"max-snippet:-1","max-image-preview":"max-image-preview:large","max-video-preview":"max-video-preview:-1"},"canonical":"https:\/\/www.cambridgeschool.pt\/en\/","og_locale":"en_US","og_type":"article","og_title":"Intensive and Annual Courses - English, French, German and Portuguese","og_description":"Get this opportunity to learn or improve your English, German, French or Portuguese for Foreigners. Subscribe now!","og_url":"https:\/\/www.cambridgeschool.pt\/en\/","og_site_name":"Cambridge School","article_publisher":"https:\/\/www.facebook.com\/CambridgeSchoolPortugal","article_modified_time":"2026-04-23T08:55:52+00:00","og_image":[{"width":950,"height":682,"url":"https:\/\/www.cambridgeschool.pt\/wp-content\/uploads\/2021\/05\/landing-page-min.png","type":"image\/png"}],"twitter_card":"summary_large_image","twitter_misc":{"Est. reading time":"1 minute"},"schema":{"@context":"https:\/\/schema.org","@graph":[{"@type":"WebPage","@id":"https:\/\/www.cambridgeschool.pt\/en\/","url":"https:\/\/www.cambridgeschool.pt\/en\/","name":"Intensive and Annual Courses - English, French, German and Portuguese","isPartOf":{"@id":"https:\/\/www.cambridgeschool.pt\/#website"},"primaryImageOfPage":{"@id":"https:\/\/www.cambridgeschool.pt\/en\/#primaryimage"},"image":{"@id":"https:\/\/www.cambridgeschool.pt\/en\/#primaryimage"},"thumbnailUrl":"https:\/\/www.cambridgeschool.pt\/wp-content\/uploads\/2021\/05\/landing-page-min.png","datePublished":"2021-02-03T19:12:14+00:00","dateModified":"2026-04-23T08:55:52+00:00","description":"Get this opportunity to learn or improve your English, German, French or Portuguese for Foreigners. Subscribe now!","breadcrumb":{"@id":"https:\/\/www.cambridgeschool.pt\/en\/#breadcrumb"},"inLanguage":"en-US","potentialAction":[{"@type":"ReadAction","target":["https:\/\/www.cambridgeschool.pt\/en\/"]}]},{"@type":"ImageObject","inLanguage":"en-US","@id":"https:\/\/www.cambridgeschool.pt\/en\/#primaryimage","url":"https:\/\/www.cambridgeschool.pt\/wp-content\/uploads\/2021\/05\/landing-page-min.png","contentUrl":"https:\/\/www.cambridgeschool.pt\/wp-content\/uploads\/2021\/05\/landing-page-min.png","width":950,"height":682},{"@type":"BreadcrumbList","@id":"https:\/\/www.cambridgeschool.pt\/en\/#breadcrumb","itemListElement":[{"@type":"ListItem","position":1,"name":"In\u00edcio","item":"https:\/\/www.cambridgeschool.pt\/en\/"},{"@type":"ListItem","position":2,"name":"Landing Page"}]},{"@type":"WebSite","@id":"https:\/\/www.cambridgeschool.pt\/#website","url":"https:\/\/www.cambridgeschool.pt\/","name":"Cambridge School","description":"Est\u00e3o abertas as inscri\u00e7\u00f5es para os Cursos Intensivos de Ver\u00e3o 2021 e Cursos de Ano Letivo 2021\/2022","publisher":{"@id":"https:\/\/www.cambridgeschool.pt\/#organization"},"potentialAction":[{"@type":"SearchAction","target":{"@type":"EntryPoint","urlTemplate":"https:\/\/www.cambridgeschool.pt\/?s={search_term_string}"},"query-input":{"@type":"PropertyValueSpecification","valueRequired":true,"valueName":"search_term_string"}}],"inLanguage":"en-US"},{"@type":"Organization","@id":"https:\/\/www.cambridgeschool.pt\/#organization","name":"Cambridge School Portugal","url":"https:\/\/www.cambridgeschool.pt\/","logo":{"@type":"ImageObject","inLanguage":"en-US","@id":"https:\/\/www.cambridgeschool.pt\/#\/schema\/logo\/image\/","url":"https:\/\/www.cambridgeschool.pt\/wp-content\/uploads\/2020\/12\/Cambridge-logo.png","contentUrl":"https:\/\/www.cambridgeschool.pt\/wp-content\/uploads\/2020\/12\/Cambridge-logo.png","width":248,"height":66,"caption":"Cambridge School Portugal"},"image":{"@id":"https:\/\/www.cambridgeschool.pt\/#\/schema\/logo\/image\/"},"sameAs":["https:\/\/www.facebook.com\/CambridgeSchoolPortugal","https:\/\/www.instagram.com\/cambridge.school.portugal\/","https:\/\/pt.linkedin.com\/company\/cambridge-school-portugal"]}]}},"_links":{"self":[{"href":"https:\/\/www.cambridgeschool.pt\/en\/wp-json\/wp\/v2\/pages\/1945","targetHints":{"allow":["GET"]}}],"collection":[{"href":"https:\/\/www.cambridgeschool.pt\/en\/wp-json\/wp\/v2\/pages"}],"about":[{"href":"https:\/\/www.cambridgeschool.pt\/en\/wp-json\/wp\/v2\/types\/page"}],"author":[{"embeddable":true,"href":"https:\/\/www.cambridgeschool.pt\/en\/wp-json\/wp\/v2\/users\/5"}],"replies":[{"embeddable":true,"href":"https:\/\/www.cambridgeschool.pt\/en\/wp-json\/wp\/v2\/comments?post=1945"}],"version-history":[{"count":123,"href":"https:\/\/www.cambridgeschool.pt\/en\/wp-json\/wp\/v2\/pages\/1945\/revisions"}],"predecessor-version":[{"id":121914,"href":"https:\/\/www.cambridgeschool.pt\/en\/wp-json\/wp\/v2\/pages\/1945\/revisions\/121914"}],"wp:featuredmedia":[{"embeddable":true,"href":"https:\/\/www.cambridgeschool.pt\/en\/wp-json\/wp\/v2\/media\/6115"}],"wp:attachment":[{"href":"https:\/\/www.cambridgeschool.pt\/en\/wp-json\/wp\/v2\/media?parent=1945"}],"curies":[{"name":"wp","href":"https:\/\/api.w.org\/{rel}","templated":true}]}}